{"id":773,"date":"2024-12-01T23:12:18","date_gmt":"2024-12-01T23:12:18","guid":{"rendered":"https:\/\/sinprfsc.org.br\/site\/?page_id=773"},"modified":"2024-12-16T22:33:38","modified_gmt":"2024-12-16T22:33:38","slug":"diretoria-juridica","status":"publish","type":"page","link":"https:\/\/sinprfsc.org.br\/site\/diretoria-juridica\/","title":{"rendered":"Diretoria Jur\u00eddica"},"content":{"rendered":"\t\t<div data-elementor-type=\"wp-page\" data-elementor-id=\"773\" class=\"elementor elementor-773\">\n\t\t\t\t<div class=\"elementor-element elementor-element-6b016bf2 e-flex e-con-boxed wpr-particle-no wpr-jarallax-no wpr-parallax-no wpr-sticky-section-no wpr-equal-height-no e-con e-parent\" data-id=\"6b016bf2\" data-element_type=\"container\" data-e-type=\"container\" data-settings=\"{&quot;background_background&quot;:&quot;classic&quot;}\">\n\t\t\t\t\t<div class=\"e-con-inner\">\n\t\t<div class=\"elementor-element elementor-element-4d3e105e e-con-full e-flex wpr-particle-no wpr-jarallax-no wpr-parallax-no wpr-sticky-section-no wpr-equal-height-no e-con e-child\" data-id=\"4d3e105e\" data-element_type=\"container\" data-e-type=\"container\">\n\t\t\t\t<div class=\"elementor-element elementor-element-710bdf9b elementor-widget elementor-widget-image\" data-id=\"710bdf9b\" data-element_type=\"widget\" data-e-type=\"widget\" data-widget_type=\"image.default\">\n\t\t\t\t<div class=\"elementor-widget-container\">\n\t\t\t\t\t\t\t\t\t\t\t\t\t\t\t<img decoding=\"async\" src=\"https:\/\/sinprfsc.org.br\/site\/wp-content\/uploads\/elementor\/thumbs\/Icone_Azul-qx7rvwofknuq674kza1x3nvaol0rh18bq875t5ao28.png\" title=\"Icone_Azul\" alt=\"Icone_Azul\" loading=\"lazy\" \/>\t\t\t\t\t\t\t\t\t\t\t\t\t\t\t<\/div>\n\t\t\t\t<\/div>\n\t\t\t\t<\/div>\n\t\t<div class=\"elementor-element elementor-element-35eb3cba e-con-full e-flex wpr-particle-no wpr-jarallax-no wpr-parallax-no wpr-sticky-section-no wpr-equal-height-no e-con e-child\" data-id=\"35eb3cba\" data-element_type=\"container\" data-e-type=\"container\">\n\t\t\t\t<div class=\"elementor-element elementor-element-225299a8 elementor-widget elementor-widget-heading\" data-id=\"225299a8\" data-element_type=\"widget\" data-e-type=\"widget\" data-widget_type=\"heading.default\">\n\t\t\t\t<div class=\"elementor-widget-container\">\n\t\t\t\t\t<h1 class=\"elementor-heading-title elementor-size-default\">DIRETORIA JUR\u00cdDICA<\/h1>\t\t\t\t<\/div>\n\t\t\t\t<\/div>\n\t\t\t\t<\/div>\n\t\t\t\t\t<\/div>\n\t\t\t\t<\/div>\n\t\t<div class=\"elementor-element elementor-element-2152132c e-flex e-con-boxed wpr-particle-no wpr-jarallax-no wpr-parallax-no wpr-sticky-section-no wpr-equal-height-no e-con e-parent\" data-id=\"2152132c\" data-element_type=\"container\" data-e-type=\"container\" data-settings=\"{&quot;background_background&quot;:&quot;classic&quot;}\">\n\t\t\t\t\t<div class=\"e-con-inner\">\n\t\t<div class=\"elementor-element elementor-element-679cb08a e-con-full e-flex wpr-particle-no wpr-jarallax-no wpr-parallax-no wpr-sticky-section-no wpr-equal-height-no e-con e-child\" data-id=\"679cb08a\" data-element_type=\"container\" data-e-type=\"container\">\n\t\t\t\t<div class=\"elementor-element elementor-element-18e8e277 wpr-grid-columns-1 wpr-grid-columns--tablet2 wpr-grid-columns--mobile1 wpr-grid-pagination-center wpr-item-styles-inner elementor-widget elementor-widget-wpr-grid\" data-id=\"18e8e277\" data-element_type=\"widget\" data-e-type=\"widget\" data-widget_type=\"wpr-grid.default\">\n\t\t\t\t<div class=\"elementor-widget-container\">\n\t\t\t\t\t<ul class=\"wpr-grid-filters elementor-clearfix wpr-grid-filters-sep-right\"><li class=\" wpr-pointer-none wpr-pointer-line-fx wpr-pointer-fx-none\"><span  data-filter=\"*\" class=\"wpr-grid-filters-item wpr-active-filter \">Todas as not\u00edcias<\/span><em class=\"wpr-grid-filters-sep\"><\/em><\/li><li class=\" wpr-pointer-none wpr-pointer-line-fx wpr-pointer-fx-none\"><span   data-ajax-filter=[\"category\",\"diretoria-juridica\"]  data-filter=\".category-diretoria-juridica\">Diretoria Jur\u00eddica<\/span><em class=\"wpr-grid-filters-sep\"><\/em><\/li><\/ul><section class=\"wpr-grid elementor-clearfix\" data-settings=\"{&quot;layout&quot;:&quot;list&quot;,&quot;stick_last_element_to_bottom&quot;:&quot;no&quot;,&quot;columns_desktop&quot;:&quot;1&quot;,&quot;gutter_hr&quot;:15,&quot;gutter_hr_mobile&quot;:15,&quot;gutter_hr_mobile_extra&quot;:15,&quot;gutter_hr_tablet&quot;:15,&quot;gutter_hr_tablet_extra&quot;:15,&quot;gutter_hr_laptop&quot;:15,&quot;gutter_hr_widescreen&quot;:15,&quot;gutter_vr&quot;:15,&quot;gutter_vr_mobile&quot;:15,&quot;gutter_vr_mobile_extra&quot;:15,&quot;gutter_vr_tablet&quot;:15,&quot;gutter_vr_tablet_extra&quot;:15,&quot;gutter_vr_laptop&quot;:15,&quot;gutter_vr_widescreen&quot;:15,&quot;animation&quot;:&quot;default&quot;,&quot;animation_duration&quot;:0.299999999999999988897769753748434595763683319091796875,&quot;animation_delay&quot;:0.1000000000000000055511151231257827021181583404541015625,&quot;deeplinking&quot;:&quot;&quot;,&quot;filters_linkable&quot;:&quot;no&quot;,&quot;filters_default_filter&quot;:&quot;&quot;,&quot;filters_count&quot;:&quot;&quot;,&quot;filters_hide_empty&quot;:&quot;no&quot;,&quot;filters_animation&quot;:&quot;zoom&quot;,&quot;filters_animation_duration&quot;:0.299999999999999988897769753748434595763683319091796875,&quot;filters_animation_delay&quot;:0.1000000000000000055511151231257827021181583404541015625,&quot;pagination_type&quot;:&quot;load-more&quot;,&quot;pagination_max_pages&quot;:1,&quot;media_align&quot;:&quot;left&quot;,&quot;media_width&quot;:30,&quot;media_distance&quot;:20,&quot;lightbox&quot;:{&quot;selector&quot;:&quot;.wpr-grid-image-wrap&quot;,&quot;iframeMaxWidth&quot;:&quot;60%&quot;,&quot;hash&quot;:false,&quot;autoplay&quot;:&quot;true&quot;,&quot;pause&quot;:5000,&quot;progressBar&quot;:&quot;true&quot;,&quot;counter&quot;:&quot;true&quot;,&quot;controls&quot;:&quot;true&quot;,&quot;getCaptionFromTitleOrAlt&quot;:&quot;true&quot;,&quot;thumbnail&quot;:&quot;&quot;,&quot;showThumbByDefault&quot;:&quot;&quot;,&quot;share&quot;:&quot;&quot;,&quot;zoom&quot;:&quot;true&quot;,&quot;fullScreen&quot;:&quot;true&quot;,&quot;download&quot;:&quot;true&quot;}}\" data-advanced-filters=\"no\"><article class=\"wpr-grid-item elementor-clearfix post-1522 post type-post status-publish format-standard has-post-thumbnail hentry category-destaque category-diretoria-juridica\"><div class=\"wpr-grid-item-inner\"><div class=\"wpr-grid-media-wrap wpr-effect-size-medium \" data-overlay-link=\"yes\"><div class=\"wpr-grid-image-wrap\" data-src=\"https:\/\/sinprfsc.org.br\/site\/wp-content\/uploads\/2024\/12\/InformeJuridico.jpg\" data-img-on-hover=\"\"  data-src-secondary=\"\"><img decoding=\"async\" data-no-lazy=\"1\" src=\"https:\/\/sinprfsc.org.br\/site\/wp-content\/uploads\/2024\/12\/InformeJuridico.jpg\" alt=\"Informe Jur\u00eddico\" class=\"wpr-anim-timing-ease-default\"><\/div><div class=\"wpr-grid-media-hover wpr-animation-wrap\"><div class=\"wpr-grid-media-hover-bg  wpr-overlay-fade-in wpr-anim-size-large wpr-anim-timing-ease-default wpr-anim-transparency\" data-url=\"https:\/\/sinprfsc.org.br\/site\/informe-juridico\/\"><\/div><\/div><\/div><div class=\"wpr-grid-item-below-content elementor-clearfix\"><h2 class=\"wpr-grid-item-title elementor-repeater-item-edeb1fc wpr-grid-item-display-block wpr-grid-item-align-left wpr-pointer-none wpr-pointer-line-fx wpr-pointer-fx-fade\"><div class=\"inner-block\"><a target=\"_self\"  href=\"https:\/\/sinprfsc.org.br\/site\/informe-juridico\/\">Informe Jur\u00eddico<\/a><\/div><\/h2><div class=\"wpr-grid-item-date elementor-repeater-item-1c0d03a wpr-grid-item-display-inline wpr-grid-item-align-left\"><div class=\"inner-block\"><span>15\/12\/2024<span class=\"wpr-grid-extra-text-right\">\/<\/span><\/span><\/div><\/div><div class=\"wpr-grid-item-excerpt elementor-repeater-item-eb43903 wpr-grid-item-display-block wpr-grid-item-align-left\"><div class=\"inner-block\"><p>12\/04\/2023 Ap\u00f3s um longo e intenso trabalho jur\u00eddico desenvolvido pela FENAPRF em conjunto com os sindicatos, a a\u00e7\u00e3o que obrigava...<\/p><\/div><\/div><div class=\"wpr-grid-item-read-more elementor-repeater-item-868bcf0 wpr-grid-item-display-block wpr-grid-item-align-left\"><div class=\"inner-block\"><a target=\"_self\" href=\"https:\/\/sinprfsc.org.br\/site\/informe-juridico\/\" class=\"wpr-button-effect wpr-button-none\"><span>Leia mais<\/span><\/a><\/div><\/div><\/div><\/div><\/article><\/section>\t\t\t\t<\/div>\n\t\t\t\t<\/div>\n\t\t\t\t<\/div>\n\t\t<div class=\"elementor-element elementor-element-bc92b77 e-con-full e-flex wpr-particle-no wpr-jarallax-no wpr-parallax-no wpr-sticky-section-no wpr-equal-height-no e-con e-child\" data-id=\"bc92b77\" data-element_type=\"container\" data-e-type=\"container\">\n\t\t\t\t<div class=\"elementor-element elementor-element-7b8651f9 elementor-widget elementor-widget-sidebar\" data-id=\"7b8651f9\" data-element_type=\"widget\" data-e-type=\"widget\" data-widget_type=\"sidebar.default\">\n\t\t\t\t<div class=\"elementor-widget-container\">\n\t\t\t\t\t<section id=\"block-2\" class=\"widget widget_block widget_search\"><form role=\"search\" method=\"get\" action=\"https:\/\/sinprfsc.org.br\/site\/\" class=\"wp-block-search__button-outside wp-block-search__text-button wp-block-search\"    ><label class=\"wp-block-search__label\" for=\"wp-block-search__input-1\" >Pesquisar<\/label><div class=\"wp-block-search__inside-wrapper\" ><input class=\"wp-block-search__input\" id=\"wp-block-search__input-1\" placeholder=\"\" value=\"\" type=\"search\" name=\"s\" required \/><button aria-label=\"Pesquisar\" class=\"wp-block-search__button wp-element-button\" type=\"submit\" >Pesquisar<\/button><\/div><\/form><\/section><section id=\"block-3\" class=\"widget widget_block\">\n<div class=\"wp-block-group\"><div class=\"wp-block-group__inner-container is-layout-flow wp-block-group-is-layout-flow\">\n<h2 class=\"wp-block-heading\">Not\u00edcias recentes<\/h2>\n\n\n<ul class=\"wp-block-latest-posts__list wp-block-latest-posts\"><li><a class=\"wp-block-latest-posts__post-title\" href=\"https:\/\/sinprfsc.org.br\/site\/saude-no-transito-um-compromisso-com-a-vida\/\">Sa\u00fade no tr\u00e2nsito: um compromisso com a vida<\/a><\/li>\n<li><a class=\"wp-block-latest-posts__post-title\" href=\"https:\/\/sinprfsc.org.br\/site\/sinprf-sc-convoca-sindicalizados-para-assembleias-gerais\/\">SINPRF\/SC convoca sindicalizados para Assembleias Gerais<\/a><\/li>\n<li><a class=\"wp-block-latest-posts__post-title\" href=\"https:\/\/sinprfsc.org.br\/site\/confraternizacoes-de-fim-de-ano-das-delegacias\/\">Confraterniza\u00e7\u00f5es de Fim de Ano das Delegacias<\/a><\/li>\n<li><a class=\"wp-block-latest-posts__post-title\" href=\"https:\/\/sinprfsc.org.br\/site\/sinprf-sc-atua-em-brasilia-pela-valorizacao-da-categoria-na-pec-da-seguranca-publica\/\">SINPRF\/SC atua em Bras\u00edlia pela valoriza\u00e7\u00e3o da categoria na PEC da Seguran\u00e7a P\u00fablica<\/a><\/li>\n<li><a class=\"wp-block-latest-posts__post-title\" href=\"https:\/\/sinprfsc.org.br\/site\/setembro-amarelo-fique-atento-aos-sinais\/\">Setembro Amarelo: fique atento aos sinais<\/a><\/li>\n<\/ul><\/div><\/div>\n<\/section><section id=\"block-6\" class=\"widget widget_block\">\n<div class=\"wp-block-group\"><div class=\"wp-block-group__inner-container is-layout-flow wp-block-group-is-layout-flow\">\n<h2 class=\"wp-block-heading\">Categorias<\/h2>\n\n\n<ul class=\"wp-block-categories-list wp-block-categories\">\t<li class=\"cat-item cat-item-9\"><a href=\"https:\/\/sinprfsc.org.br\/site\/category\/destaque\/\">Destaque<\/a>\n<\/li>\n\t<li class=\"cat-item cat-item-22\"><a href=\"https:\/\/sinprfsc.org.br\/site\/category\/diretoria-de-saude\/\">Diretoria de Sa\u00fade<\/a>\n<\/li>\n\t<li class=\"cat-item cat-item-20\"><a href=\"https:\/\/sinprfsc.org.br\/site\/category\/diretoria-financeira\/\">Diretoria Financeira<\/a>\n<\/li>\n\t<li class=\"cat-item cat-item-19\"><a href=\"https:\/\/sinprfsc.org.br\/site\/category\/diretoria-juridica\/\">Diretoria Jur\u00eddica<\/a>\n<\/li>\n\t<li class=\"cat-item cat-item-18\"><a href=\"https:\/\/sinprfsc.org.br\/site\/category\/diretoria-parlamentar\/\">Diretoria Parlamentar<\/a>\n<\/li>\n\t<li class=\"cat-item cat-item-21\"><a href=\"https:\/\/sinprfsc.org.br\/site\/category\/diretoria-social\/\">Diretoria Social<\/a>\n<\/li>\n\t<li class=\"cat-item cat-item-1\"><a href=\"https:\/\/sinprfsc.org.br\/site\/category\/geral\/\">Geral<\/a>\n<\/li>\n\t<li class=\"cat-item cat-item-8\"><a href=\"https:\/\/sinprfsc.org.br\/site\/category\/noticias\/\">Not\u00edcias<\/a>\n<\/li>\n<\/ul><\/div><\/div>\n<\/section>\t\t\t\t<\/div>\n\t\t\t\t<\/div>\n\t\t\t\t<\/div>\n\t\t\t\t\t<\/div>\n\t\t\t\t<\/div>\n\t\t\t\t<\/div>\n\t\t","protected":false},"excerpt":{"rendered":"<p>DIRETORIA JUR\u00cdDICA Todas as not\u00edcias Diretoria Jur\u00eddica Informe Jur\u00eddico 15\/12\/2024\/ 12\/04\/2023 Ap\u00f3s um longo e intenso trabalho jur\u00eddico desenvolvido pela FENAPRF em conjunto com os sindicatos, a a\u00e7\u00e3o que obrigava&hellip; Leia mais<\/p>\n","protected":false},"author":2,"featured_media":0,"parent":0,"menu_order":0,"comment_status":"closed","ping_status":"closed","template":"","meta":{"nf_dc_page":"","footnotes":""},"class_list":["post-773","page","type-page","status-publish","hentry"],"yoast_head":"<!-- This site is optimized with the Yoast SEO plugin v27.4 - https:\/\/yoast.com\/product\/yoast-seo-wordpress\/ -->\n<title>Diretoria Jur\u00eddica - SINPRF\/SC<\/title>\n<meta name=\"robots\" content=\"index, follow, max-snippet:-1, max-image-preview:large, max-video-preview:-1\" \/>\n<link rel=\"canonical\" href=\"https:\/\/sinprfsc.org.br\/site\/diretoria-juridica\/\" \/>\n<meta property=\"og:locale\" content=\"pt_BR\" \/>\n<meta property=\"og:type\" content=\"article\" \/>\n<meta property=\"og:title\" content=\"Diretoria Jur\u00eddica - SINPRF\/SC\" \/>\n<meta property=\"og:description\" content=\"DIRETORIA JUR\u00cdDICA Todas as not\u00edcias Diretoria Jur\u00eddica Informe Jur\u00eddico 15\/12\/2024\/ 12\/04\/2023 Ap\u00f3s um longo e intenso trabalho jur\u00eddico desenvolvido pela FENAPRF em conjunto com os sindicatos, a a\u00e7\u00e3o que obrigava&hellip; Leia mais\" \/>\n<meta property=\"og:url\" content=\"https:\/\/sinprfsc.org.br\/site\/diretoria-juridica\/\" \/>\n<meta property=\"og:site_name\" content=\"SINPRF\/SC\" \/>\n<meta property=\"article:modified_time\" content=\"2024-12-16T22:33:38+00:00\" \/>\n<meta property=\"og:image\" content=\"https:\/\/sinprfsc.org.br\/site\/wp-content\/uploads\/elementor\/thumbs\/Icone_Azul-qx7rvwofknuq674kza1x3nvaol0rh18bq875t5ao28.png\" \/>\n<meta name=\"twitter:card\" content=\"summary_large_image\" \/>\n<meta name=\"twitter:label1\" content=\"Est. tempo de leitura\" \/>\n\t<meta name=\"twitter:data1\" content=\"1 minuto\" \/>\n<script type=\"application\/ld+json\" class=\"yoast-schema-graph\">{\"@context\":\"https:\\\/\\\/schema.org\",\"@graph\":[{\"@type\":\"WebPage\",\"@id\":\"https:\\\/\\\/sinprfsc.org.br\\\/site\\\/diretoria-juridica\\\/\",\"url\":\"https:\\\/\\\/sinprfsc.org.br\\\/site\\\/diretoria-juridica\\\/\",\"name\":\"Diretoria Jur\u00eddica - SINPRF\\\/SC\",\"isPartOf\":{\"@id\":\"https:\\\/\\\/sinprfsc.org.br\\\/site\\\/#website\"},\"primaryImageOfPage\":{\"@id\":\"https:\\\/\\\/sinprfsc.org.br\\\/site\\\/diretoria-juridica\\\/#primaryimage\"},\"image\":{\"@id\":\"https:\\\/\\\/sinprfsc.org.br\\\/site\\\/diretoria-juridica\\\/#primaryimage\"},\"thumbnailUrl\":\"https:\\\/\\\/sinprfsc.org.br\\\/site\\\/wp-content\\\/uploads\\\/elementor\\\/thumbs\\\/Icone_Azul-qx7rvwofknuq674kza1x3nvaol0rh18bq875t5ao28.png\",\"datePublished\":\"2024-12-01T23:12:18+00:00\",\"dateModified\":\"2024-12-16T22:33:38+00:00\",\"breadcrumb\":{\"@id\":\"https:\\\/\\\/sinprfsc.org.br\\\/site\\\/diretoria-juridica\\\/#breadcrumb\"},\"inLanguage\":\"pt-BR\",\"potentialAction\":[{\"@type\":\"ReadAction\",\"target\":[\"https:\\\/\\\/sinprfsc.org.br\\\/site\\\/diretoria-juridica\\\/\"]}]},{\"@type\":\"ImageObject\",\"inLanguage\":\"pt-BR\",\"@id\":\"https:\\\/\\\/sinprfsc.org.br\\\/site\\\/diretoria-juridica\\\/#primaryimage\",\"url\":\"https:\\\/\\\/sinprfsc.org.br\\\/site\\\/wp-content\\\/uploads\\\/elementor\\\/thumbs\\\/Icone_Azul-qx7rvwofknuq674kza1x3nvaol0rh18bq875t5ao28.png\",\"contentUrl\":\"https:\\\/\\\/sinprfsc.org.br\\\/site\\\/wp-content\\\/uploads\\\/elementor\\\/thumbs\\\/Icone_Azul-qx7rvwofknuq674kza1x3nvaol0rh18bq875t5ao28.png\"},{\"@type\":\"BreadcrumbList\",\"@id\":\"https:\\\/\\\/sinprfsc.org.br\\\/site\\\/diretoria-juridica\\\/#breadcrumb\",\"itemListElement\":[{\"@type\":\"ListItem\",\"position\":1,\"name\":\"Home\",\"item\":\"https:\\\/\\\/sinprfsc.org.br\\\/site\\\/\"},{\"@type\":\"ListItem\",\"position\":2,\"name\":\"Diretoria Jur\u00eddica\"}]},{\"@type\":\"WebSite\",\"@id\":\"https:\\\/\\\/sinprfsc.org.br\\\/site\\\/#website\",\"url\":\"https:\\\/\\\/sinprfsc.org.br\\\/site\\\/\",\"name\":\"SINPRF\\\/SC\",\"description\":\"\",\"publisher\":{\"@id\":\"https:\\\/\\\/sinprfsc.org.br\\\/site\\\/#organization\"},\"potentialAction\":[{\"@type\":\"SearchAction\",\"target\":{\"@type\":\"EntryPoint\",\"urlTemplate\":\"https:\\\/\\\/sinprfsc.org.br\\\/site\\\/?s={search_term_string}\"},\"query-input\":{\"@type\":\"PropertyValueSpecification\",\"valueRequired\":true,\"valueName\":\"search_term_string\"}}],\"inLanguage\":\"pt-BR\"},{\"@type\":\"Organization\",\"@id\":\"https:\\\/\\\/sinprfsc.org.br\\\/site\\\/#organization\",\"name\":\"SINPRF\\\/SC\",\"url\":\"https:\\\/\\\/sinprfsc.org.br\\\/site\\\/\",\"logo\":{\"@type\":\"ImageObject\",\"inLanguage\":\"pt-BR\",\"@id\":\"https:\\\/\\\/sinprfsc.org.br\\\/site\\\/#\\\/schema\\\/logo\\\/image\\\/\",\"url\":\"https:\\\/\\\/sinprfsc.org.br\\\/site\\\/wp-content\\\/uploads\\\/2024\\\/11\\\/LogoSite_a.png\",\"contentUrl\":\"https:\\\/\\\/sinprfsc.org.br\\\/site\\\/wp-content\\\/uploads\\\/2024\\\/11\\\/LogoSite_a.png\",\"width\":500,\"height\":228,\"caption\":\"SINPRF\\\/SC\"},\"image\":{\"@id\":\"https:\\\/\\\/sinprfsc.org.br\\\/site\\\/#\\\/schema\\\/logo\\\/image\\\/\"}}]}<\/script>\n<!-- \/ Yoast SEO plugin. -->","yoast_head_json":{"title":"Diretoria Jur\u00eddica - SINPRF\/SC","robots":{"index":"index","follow":"follow","max-snippet":"max-snippet:-1","max-image-preview":"max-image-preview:large","max-video-preview":"max-video-preview:-1"},"canonical":"https:\/\/sinprfsc.org.br\/site\/diretoria-juridica\/","og_locale":"pt_BR","og_type":"article","og_title":"Diretoria Jur\u00eddica - SINPRF\/SC","og_description":"DIRETORIA JUR\u00cdDICA Todas as not\u00edcias Diretoria Jur\u00eddica Informe Jur\u00eddico 15\/12\/2024\/ 12\/04\/2023 Ap\u00f3s um longo e intenso trabalho jur\u00eddico desenvolvido pela FENAPRF em conjunto com os sindicatos, a a\u00e7\u00e3o que obrigava&hellip; Leia mais","og_url":"https:\/\/sinprfsc.org.br\/site\/diretoria-juridica\/","og_site_name":"SINPRF\/SC","article_modified_time":"2024-12-16T22:33:38+00:00","og_image":[{"url":"https:\/\/sinprfsc.org.br\/site\/wp-content\/uploads\/elementor\/thumbs\/Icone_Azul-qx7rvwofknuq674kza1x3nvaol0rh18bq875t5ao28.png","type":"","width":"","height":""}],"twitter_card":"summary_large_image","twitter_misc":{"Est. tempo de leitura":"1 minuto"},"schema":{"@context":"https:\/\/schema.org","@graph":[{"@type":"WebPage","@id":"https:\/\/sinprfsc.org.br\/site\/diretoria-juridica\/","url":"https:\/\/sinprfsc.org.br\/site\/diretoria-juridica\/","name":"Diretoria Jur\u00eddica - SINPRF\/SC","isPartOf":{"@id":"https:\/\/sinprfsc.org.br\/site\/#website"},"primaryImageOfPage":{"@id":"https:\/\/sinprfsc.org.br\/site\/diretoria-juridica\/#primaryimage"},"image":{"@id":"https:\/\/sinprfsc.org.br\/site\/diretoria-juridica\/#primaryimage"},"thumbnailUrl":"https:\/\/sinprfsc.org.br\/site\/wp-content\/uploads\/elementor\/thumbs\/Icone_Azul-qx7rvwofknuq674kza1x3nvaol0rh18bq875t5ao28.png","datePublished":"2024-12-01T23:12:18+00:00","dateModified":"2024-12-16T22:33:38+00:00","breadcrumb":{"@id":"https:\/\/sinprfsc.org.br\/site\/diretoria-juridica\/#breadcrumb"},"inLanguage":"pt-BR","potentialAction":[{"@type":"ReadAction","target":["https:\/\/sinprfsc.org.br\/site\/diretoria-juridica\/"]}]},{"@type":"ImageObject","inLanguage":"pt-BR","@id":"https:\/\/sinprfsc.org.br\/site\/diretoria-juridica\/#primaryimage","url":"https:\/\/sinprfsc.org.br\/site\/wp-content\/uploads\/elementor\/thumbs\/Icone_Azul-qx7rvwofknuq674kza1x3nvaol0rh18bq875t5ao28.png","contentUrl":"https:\/\/sinprfsc.org.br\/site\/wp-content\/uploads\/elementor\/thumbs\/Icone_Azul-qx7rvwofknuq674kza1x3nvaol0rh18bq875t5ao28.png"},{"@type":"BreadcrumbList","@id":"https:\/\/sinprfsc.org.br\/site\/diretoria-juridica\/#breadcrumb","itemListElement":[{"@type":"ListItem","position":1,"name":"Home","item":"https:\/\/sinprfsc.org.br\/site\/"},{"@type":"ListItem","position":2,"name":"Diretoria Jur\u00eddica"}]},{"@type":"WebSite","@id":"https:\/\/sinprfsc.org.br\/site\/#website","url":"https:\/\/sinprfsc.org.br\/site\/","name":"SINPRF\/SC","description":"","publisher":{"@id":"https:\/\/sinprfsc.org.br\/site\/#organization"},"potentialAction":[{"@type":"SearchAction","target":{"@type":"EntryPoint","urlTemplate":"https:\/\/sinprfsc.org.br\/site\/?s={search_term_string}"},"query-input":{"@type":"PropertyValueSpecification","valueRequired":true,"valueName":"search_term_string"}}],"inLanguage":"pt-BR"},{"@type":"Organization","@id":"https:\/\/sinprfsc.org.br\/site\/#organization","name":"SINPRF\/SC","url":"https:\/\/sinprfsc.org.br\/site\/","logo":{"@type":"ImageObject","inLanguage":"pt-BR","@id":"https:\/\/sinprfsc.org.br\/site\/#\/schema\/logo\/image\/","url":"https:\/\/sinprfsc.org.br\/site\/wp-content\/uploads\/2024\/11\/LogoSite_a.png","contentUrl":"https:\/\/sinprfsc.org.br\/site\/wp-content\/uploads\/2024\/11\/LogoSite_a.png","width":500,"height":228,"caption":"SINPRF\/SC"},"image":{"@id":"https:\/\/sinprfsc.org.br\/site\/#\/schema\/logo\/image\/"}}]}},"_links":{"self":[{"href":"https:\/\/sinprfsc.org.br\/site\/wp-json\/wp\/v2\/pages\/773","targetHints":{"allow":["GET"]}}],"collection":[{"href":"https:\/\/sinprfsc.org.br\/site\/wp-json\/wp\/v2\/pages"}],"about":[{"href":"https:\/\/sinprfsc.org.br\/site\/wp-json\/wp\/v2\/types\/page"}],"author":[{"embeddable":true,"href":"https:\/\/sinprfsc.org.br\/site\/wp-json\/wp\/v2\/users\/2"}],"replies":[{"embeddable":true,"href":"https:\/\/sinprfsc.org.br\/site\/wp-json\/wp\/v2\/comments?post=773"}],"version-history":[{"count":5,"href":"https:\/\/sinprfsc.org.br\/site\/wp-json\/wp\/v2\/pages\/773\/revisions"}],"predecessor-version":[{"id":1856,"href":"https:\/\/sinprfsc.org.br\/site\/wp-json\/wp\/v2\/pages\/773\/revisions\/1856"}],"wp:attachment":[{"href":"https:\/\/sinprfsc.org.br\/site\/wp-json\/wp\/v2\/media?parent=773"}],"curies":[{"name":"wp","href":"https:\/\/api.w.org\/{rel}","templated":true}]}}