{"id":826,"date":"2024-12-01T23:51:34","date_gmt":"2024-12-01T23:51:34","guid":{"rendered":"https:\/\/sinprfsc.org.br\/site\/?page_id=826"},"modified":"2024-12-16T22:48:30","modified_gmt":"2024-12-16T22:48:30","slug":"midia","status":"publish","type":"page","link":"https:\/\/sinprfsc.org.br\/site\/midia\/","title":{"rendered":"M\u00eddia"},"content":{"rendered":"\t\t<div data-elementor-type=\"wp-page\" data-elementor-id=\"826\" class=\"elementor elementor-826\">\n\t\t\t\t<div class=\"elementor-element elementor-element-7d1a62f0 e-flex e-con-boxed wpr-particle-no wpr-jarallax-no wpr-parallax-no wpr-sticky-section-no wpr-equal-height-no e-con e-parent\" data-id=\"7d1a62f0\" data-element_type=\"container\" data-e-type=\"container\" data-settings=\"{&quot;background_background&quot;:&quot;classic&quot;}\">\n\t\t\t\t\t<div class=\"e-con-inner\">\n\t\t<div class=\"elementor-element elementor-element-5d4e5957 e-con-full e-flex wpr-particle-no wpr-jarallax-no wpr-parallax-no wpr-sticky-section-no wpr-equal-height-no e-con e-child\" data-id=\"5d4e5957\" data-element_type=\"container\" data-e-type=\"container\">\n\t\t\t\t<div class=\"elementor-element elementor-element-2f9d3273 elementor-widget elementor-widget-image\" data-id=\"2f9d3273\" data-element_type=\"widget\" data-e-type=\"widget\" data-widget_type=\"image.default\">\n\t\t\t\t<div class=\"elementor-widget-container\">\n\t\t\t\t\t\t\t\t\t\t\t\t\t\t\t<img decoding=\"async\" src=\"https:\/\/sinprfsc.org.br\/site\/wp-content\/uploads\/elementor\/thumbs\/Icone_Azul-qx7rvwofknuq674kza1x3nvaol0rh18bq875t5ao28.png\" title=\"Icone_Azul\" alt=\"Icone_Azul\" loading=\"lazy\" \/>\t\t\t\t\t\t\t\t\t\t\t\t\t\t\t<\/div>\n\t\t\t\t<\/div>\n\t\t\t\t<\/div>\n\t\t<div class=\"elementor-element elementor-element-1859a468 e-con-full e-flex wpr-particle-no wpr-jarallax-no wpr-parallax-no wpr-sticky-section-no wpr-equal-height-no e-con e-child\" data-id=\"1859a468\" data-element_type=\"container\" data-e-type=\"container\">\n\t\t\t\t<div class=\"elementor-element elementor-element-7d02b192 elementor-widget elementor-widget-heading\" data-id=\"7d02b192\" data-element_type=\"widget\" data-e-type=\"widget\" data-widget_type=\"heading.default\">\n\t\t\t\t<div class=\"elementor-widget-container\">\n\t\t\t\t\t<h1 class=\"elementor-heading-title elementor-size-default\">M\u00cdDIA<\/h1>\t\t\t\t<\/div>\n\t\t\t\t<\/div>\n\t\t\t\t<\/div>\n\t\t\t\t\t<\/div>\n\t\t\t\t<\/div>\n\t\t<div class=\"elementor-element elementor-element-83ae208 e-flex e-con-boxed wpr-particle-no wpr-jarallax-no wpr-parallax-no wpr-sticky-section-no wpr-equal-height-no e-con e-parent\" data-id=\"83ae208\" data-element_type=\"container\" data-e-type=\"container\" data-settings=\"{&quot;background_background&quot;:&quot;classic&quot;}\">\n\t\t\t\t\t<div class=\"e-con-inner\">\n\t\t<div class=\"elementor-element elementor-element-e0d239f e-con-full e-flex wpr-particle-no wpr-jarallax-no wpr-parallax-no wpr-sticky-section-no wpr-equal-height-no e-con e-child\" data-id=\"e0d239f\" data-element_type=\"container\" data-e-type=\"container\">\n\t\t\t\t<div class=\"elementor-element elementor-element-48ef393 elementor-widget elementor-widget-text-editor\" data-id=\"48ef393\" data-element_type=\"widget\" data-e-type=\"widget\" data-widget_type=\"text-editor.default\">\n\t\t\t\t<div class=\"elementor-widget-container\">\n\t\t\t\t\t\t\t\t\t<h2>Escolha a m\u00eddia que deseja e confira as \u00faltimas atualiza\u00e7\u00f5es.<\/h2>\t\t\t\t\t\t\t\t<\/div>\n\t\t\t\t<\/div>\n\t\t\t\t<\/div>\n\t\t<div class=\"elementor-element elementor-element-3eaf664 e-con-full e-flex wpr-particle-no wpr-jarallax-no wpr-parallax-no wpr-sticky-section-no wpr-equal-height-no e-con e-child\" data-id=\"3eaf664\" data-element_type=\"container\" data-e-type=\"container\" data-settings=\"{&quot;background_background&quot;:&quot;classic&quot;}\">\n\t\t\t\t<div class=\"elementor-element elementor-element-5fdf8c8 elementor-view-default elementor-position-block-start elementor-mobile-position-block-start elementor-widget elementor-widget-icon-box\" data-id=\"5fdf8c8\" data-element_type=\"widget\" data-e-type=\"widget\" data-widget_type=\"icon-box.default\">\n\t\t\t\t<div class=\"elementor-widget-container\">\n\t\t\t\t\t\t\t<div class=\"elementor-icon-box-wrapper\">\n\n\t\t\t\t\t\t<div class=\"elementor-icon-box-icon\">\n\t\t\t\t<a href=\"https:\/\/sinprfsc.org.br\/site\/fotos\/\" class=\"elementor-icon\" tabindex=\"-1\" aria-label=\"FOTOS\">\n\t\t\t\t<svg aria-hidden=\"true\" class=\"e-font-icon-svg e-fas-photo-video\" viewBox=\"0 0 640 512\" xmlns=\"http:\/\/www.w3.org\/2000\/svg\"><path d=\"M608 0H160a32 32 0 0 0-32 32v96h160V64h192v320h128a32 32 0 0 0 32-32V32a32 32 0 0 0-32-32zM232 103a9 9 0 0 1-9 9h-30a9 9 0 0 1-9-9V73a9 9 0 0 1 9-9h30a9 9 0 0 1 9 9zm352 208a9 9 0 0 1-9 9h-30a9 9 0 0 1-9-9v-30a9 9 0 0 1 9-9h30a9 9 0 0 1 9 9zm0-104a9 9 0 0 1-9 9h-30a9 9 0 0 1-9-9v-30a9 9 0 0 1 9-9h30a9 9 0 0 1 9 9zm0-104a9 9 0 0 1-9 9h-30a9 9 0 0 1-9-9V73a9 9 0 0 1 9-9h30a9 9 0 0 1 9 9zm-168 57H32a32 32 0 0 0-32 32v288a32 32 0 0 0 32 32h384a32 32 0 0 0 32-32V192a32 32 0 0 0-32-32zM96 224a32 32 0 1 1-32 32 32 32 0 0 1 32-32zm288 224H64v-32l64-64 32 32 128-128 96 96z\"><\/path><\/svg>\t\t\t\t<\/a>\n\t\t\t<\/div>\n\t\t\t\n\t\t\t\t\t\t<div class=\"elementor-icon-box-content\">\n\n\t\t\t\t\t\t\t\t\t<h1 class=\"elementor-icon-box-title\">\n\t\t\t\t\t\t<a href=\"https:\/\/sinprfsc.org.br\/site\/fotos\/\" >\n\t\t\t\t\t\t\tFOTOS\t\t\t\t\t\t<\/a>\n\t\t\t\t\t<\/h1>\n\t\t\t\t\n\t\t\t\t\t\t\t\t\t<p class=\"elementor-icon-box-description\">\n\t\t\t\t\t\tConfira nossa galeria de fotos.\t\t\t\t\t<\/p>\n\t\t\t\t\n\t\t\t<\/div>\n\t\t\t\n\t\t<\/div>\n\t\t\t\t\t\t<\/div>\n\t\t\t\t<\/div>\n\t\t\t\t<\/div>\n\t\t<div class=\"elementor-element elementor-element-3438be3 e-con-full e-flex wpr-particle-no wpr-jarallax-no wpr-parallax-no wpr-sticky-section-no wpr-equal-height-no e-con e-child\" data-id=\"3438be3\" data-element_type=\"container\" data-e-type=\"container\" data-settings=\"{&quot;background_background&quot;:&quot;classic&quot;}\">\n\t\t\t\t<div class=\"elementor-element elementor-element-5e1170e elementor-view-default elementor-position-block-start elementor-mobile-position-block-start elementor-widget elementor-widget-icon-box\" data-id=\"5e1170e\" data-element_type=\"widget\" data-e-type=\"widget\" data-widget_type=\"icon-box.default\">\n\t\t\t\t<div class=\"elementor-widget-container\">\n\t\t\t\t\t\t\t<div class=\"elementor-icon-box-wrapper\">\n\n\t\t\t\t\t\t<div class=\"elementor-icon-box-icon\">\n\t\t\t\t<a href=\"https:\/\/sinprfsc.org.br\/site\/videos\" class=\"elementor-icon\" tabindex=\"-1\" aria-label=\"V\u00cdDEOS\">\n\t\t\t\t<svg aria-hidden=\"true\" class=\"e-font-icon-svg e-fas-video\" viewBox=\"0 0 576 512\" xmlns=\"http:\/\/www.w3.org\/2000\/svg\"><path d=\"M336.2 64H47.8C21.4 64 0 85.4 0 111.8v288.4C0 426.6 21.4 448 47.8 448h288.4c26.4 0 47.8-21.4 47.8-47.8V111.8c0-26.4-21.4-47.8-47.8-47.8zm189.4 37.7L416 177.3v157.4l109.6 75.5c21.2 14.6 50.4-.3 50.4-25.8V127.5c0-25.4-29.1-40.4-50.4-25.8z\"><\/path><\/svg>\t\t\t\t<\/a>\n\t\t\t<\/div>\n\t\t\t\n\t\t\t\t\t\t<div class=\"elementor-icon-box-content\">\n\n\t\t\t\t\t\t\t\t\t<h1 class=\"elementor-icon-box-title\">\n\t\t\t\t\t\t<a href=\"https:\/\/sinprfsc.org.br\/site\/videos\" >\n\t\t\t\t\t\t\tV\u00cdDEOS\t\t\t\t\t\t<\/a>\n\t\t\t\t\t<\/h1>\n\t\t\t\t\n\t\t\t\t\t\t\t\t\t<p class=\"elementor-icon-box-description\">\n\t\t\t\t\t\tConfira nossa galeria de v\u00eddeos.\t\t\t\t\t<\/p>\n\t\t\t\t\n\t\t\t<\/div>\n\t\t\t\n\t\t<\/div>\n\t\t\t\t\t\t<\/div>\n\t\t\t\t<\/div>\n\t\t\t\t<\/div>\n\t\t\t\t\t<\/div>\n\t\t\t\t<\/div>\n\t\t\t\t<\/div>\n\t\t","protected":false},"excerpt":{"rendered":"<p>M\u00cdDIA Escolha a m\u00eddia que deseja e confira as \u00faltimas atualiza\u00e7\u00f5es. FOTOS Confira nossa galeria de fotos. V\u00cdDEOS Confira nossa galeria de v\u00eddeos.<\/p>\n","protected":false},"author":2,"featured_media":0,"parent":0,"menu_order":0,"comment_status":"closed","ping_status":"closed","template":"elementor_canvas","meta":{"nf_dc_page":"","footnotes":""},"class_list":["post-826","page","type-page","status-publish","hentry"],"yoast_head":"<!-- This site is optimized with the Yoast SEO plugin v27.4 - https:\/\/yoast.com\/product\/yoast-seo-wordpress\/ -->\n<title>M\u00eddia - SINPRF\/SC<\/title>\n<meta name=\"robots\" content=\"index, follow, max-snippet:-1, max-image-preview:large, max-video-preview:-1\" \/>\n<link rel=\"canonical\" href=\"https:\/\/sinprfsc.org.br\/site\/midia\/\" \/>\n<meta property=\"og:locale\" content=\"pt_BR\" \/>\n<meta property=\"og:type\" content=\"article\" \/>\n<meta property=\"og:title\" content=\"M\u00eddia - SINPRF\/SC\" \/>\n<meta property=\"og:description\" content=\"M\u00cdDIA Escolha a m\u00eddia que deseja e confira as \u00faltimas atualiza\u00e7\u00f5es. FOTOS Confira nossa galeria de fotos. V\u00cdDEOS Confira nossa galeria de v\u00eddeos.\" \/>\n<meta property=\"og:url\" content=\"https:\/\/sinprfsc.org.br\/site\/midia\/\" \/>\n<meta property=\"og:site_name\" content=\"SINPRF\/SC\" \/>\n<meta property=\"article:modified_time\" content=\"2024-12-16T22:48:30+00:00\" \/>\n<meta property=\"og:image\" content=\"https:\/\/sinprfsc.org.br\/site\/wp-content\/uploads\/elementor\/thumbs\/Icone_Azul-qx7rvwofknuq674kza1x3nvaol0rh18bq875t5ao28.png\" \/>\n<meta name=\"twitter:card\" content=\"summary_large_image\" \/>\n<meta name=\"twitter:label1\" content=\"Est. tempo de leitura\" \/>\n\t<meta name=\"twitter:data1\" content=\"1 minuto\" \/>\n<script type=\"application\/ld+json\" class=\"yoast-schema-graph\">{\"@context\":\"https:\\\/\\\/schema.org\",\"@graph\":[{\"@type\":\"WebPage\",\"@id\":\"https:\\\/\\\/sinprfsc.org.br\\\/site\\\/midia\\\/\",\"url\":\"https:\\\/\\\/sinprfsc.org.br\\\/site\\\/midia\\\/\",\"name\":\"M\u00eddia - SINPRF\\\/SC\",\"isPartOf\":{\"@id\":\"https:\\\/\\\/sinprfsc.org.br\\\/site\\\/#website\"},\"primaryImageOfPage\":{\"@id\":\"https:\\\/\\\/sinprfsc.org.br\\\/site\\\/midia\\\/#primaryimage\"},\"image\":{\"@id\":\"https:\\\/\\\/sinprfsc.org.br\\\/site\\\/midia\\\/#primaryimage\"},\"thumbnailUrl\":\"https:\\\/\\\/sinprfsc.org.br\\\/site\\\/wp-content\\\/uploads\\\/elementor\\\/thumbs\\\/Icone_Azul-qx7rvwofknuq674kza1x3nvaol0rh18bq875t5ao28.png\",\"datePublished\":\"2024-12-01T23:51:34+00:00\",\"dateModified\":\"2024-12-16T22:48:30+00:00\",\"breadcrumb\":{\"@id\":\"https:\\\/\\\/sinprfsc.org.br\\\/site\\\/midia\\\/#breadcrumb\"},\"inLanguage\":\"pt-BR\",\"potentialAction\":[{\"@type\":\"ReadAction\",\"target\":[\"https:\\\/\\\/sinprfsc.org.br\\\/site\\\/midia\\\/\"]}]},{\"@type\":\"ImageObject\",\"inLanguage\":\"pt-BR\",\"@id\":\"https:\\\/\\\/sinprfsc.org.br\\\/site\\\/midia\\\/#primaryimage\",\"url\":\"https:\\\/\\\/sinprfsc.org.br\\\/site\\\/wp-content\\\/uploads\\\/elementor\\\/thumbs\\\/Icone_Azul-qx7rvwofknuq674kza1x3nvaol0rh18bq875t5ao28.png\",\"contentUrl\":\"https:\\\/\\\/sinprfsc.org.br\\\/site\\\/wp-content\\\/uploads\\\/elementor\\\/thumbs\\\/Icone_Azul-qx7rvwofknuq674kza1x3nvaol0rh18bq875t5ao28.png\"},{\"@type\":\"BreadcrumbList\",\"@id\":\"https:\\\/\\\/sinprfsc.org.br\\\/site\\\/midia\\\/#breadcrumb\",\"itemListElement\":[{\"@type\":\"ListItem\",\"position\":1,\"name\":\"Home\",\"item\":\"https:\\\/\\\/sinprfsc.org.br\\\/site\\\/\"},{\"@type\":\"ListItem\",\"position\":2,\"name\":\"M\u00eddia\"}]},{\"@type\":\"WebSite\",\"@id\":\"https:\\\/\\\/sinprfsc.org.br\\\/site\\\/#website\",\"url\":\"https:\\\/\\\/sinprfsc.org.br\\\/site\\\/\",\"name\":\"SINPRF\\\/SC\",\"description\":\"\",\"publisher\":{\"@id\":\"https:\\\/\\\/sinprfsc.org.br\\\/site\\\/#organization\"},\"potentialAction\":[{\"@type\":\"SearchAction\",\"target\":{\"@type\":\"EntryPoint\",\"urlTemplate\":\"https:\\\/\\\/sinprfsc.org.br\\\/site\\\/?s={search_term_string}\"},\"query-input\":{\"@type\":\"PropertyValueSpecification\",\"valueRequired\":true,\"valueName\":\"search_term_string\"}}],\"inLanguage\":\"pt-BR\"},{\"@type\":\"Organization\",\"@id\":\"https:\\\/\\\/sinprfsc.org.br\\\/site\\\/#organization\",\"name\":\"SINPRF\\\/SC\",\"url\":\"https:\\\/\\\/sinprfsc.org.br\\\/site\\\/\",\"logo\":{\"@type\":\"ImageObject\",\"inLanguage\":\"pt-BR\",\"@id\":\"https:\\\/\\\/sinprfsc.org.br\\\/site\\\/#\\\/schema\\\/logo\\\/image\\\/\",\"url\":\"https:\\\/\\\/sinprfsc.org.br\\\/site\\\/wp-content\\\/uploads\\\/2024\\\/11\\\/LogoSite_a.png\",\"contentUrl\":\"https:\\\/\\\/sinprfsc.org.br\\\/site\\\/wp-content\\\/uploads\\\/2024\\\/11\\\/LogoSite_a.png\",\"width\":500,\"height\":228,\"caption\":\"SINPRF\\\/SC\"},\"image\":{\"@id\":\"https:\\\/\\\/sinprfsc.org.br\\\/site\\\/#\\\/schema\\\/logo\\\/image\\\/\"}}]}<\/script>\n<!-- \/ Yoast SEO plugin. -->","yoast_head_json":{"title":"M\u00eddia - SINPRF\/SC","robots":{"index":"index","follow":"follow","max-snippet":"max-snippet:-1","max-image-preview":"max-image-preview:large","max-video-preview":"max-video-preview:-1"},"canonical":"https:\/\/sinprfsc.org.br\/site\/midia\/","og_locale":"pt_BR","og_type":"article","og_title":"M\u00eddia - SINPRF\/SC","og_description":"M\u00cdDIA Escolha a m\u00eddia que deseja e confira as \u00faltimas atualiza\u00e7\u00f5es. FOTOS Confira nossa galeria de fotos. V\u00cdDEOS Confira nossa galeria de v\u00eddeos.","og_url":"https:\/\/sinprfsc.org.br\/site\/midia\/","og_site_name":"SINPRF\/SC","article_modified_time":"2024-12-16T22:48:30+00:00","og_image":[{"url":"https:\/\/sinprfsc.org.br\/site\/wp-content\/uploads\/elementor\/thumbs\/Icone_Azul-qx7rvwofknuq674kza1x3nvaol0rh18bq875t5ao28.png","type":"","width":"","height":""}],"twitter_card":"summary_large_image","twitter_misc":{"Est. tempo de leitura":"1 minuto"},"schema":{"@context":"https:\/\/schema.org","@graph":[{"@type":"WebPage","@id":"https:\/\/sinprfsc.org.br\/site\/midia\/","url":"https:\/\/sinprfsc.org.br\/site\/midia\/","name":"M\u00eddia - SINPRF\/SC","isPartOf":{"@id":"https:\/\/sinprfsc.org.br\/site\/#website"},"primaryImageOfPage":{"@id":"https:\/\/sinprfsc.org.br\/site\/midia\/#primaryimage"},"image":{"@id":"https:\/\/sinprfsc.org.br\/site\/midia\/#primaryimage"},"thumbnailUrl":"https:\/\/sinprfsc.org.br\/site\/wp-content\/uploads\/elementor\/thumbs\/Icone_Azul-qx7rvwofknuq674kza1x3nvaol0rh18bq875t5ao28.png","datePublished":"2024-12-01T23:51:34+00:00","dateModified":"2024-12-16T22:48:30+00:00","breadcrumb":{"@id":"https:\/\/sinprfsc.org.br\/site\/midia\/#breadcrumb"},"inLanguage":"pt-BR","potentialAction":[{"@type":"ReadAction","target":["https:\/\/sinprfsc.org.br\/site\/midia\/"]}]},{"@type":"ImageObject","inLanguage":"pt-BR","@id":"https:\/\/sinprfsc.org.br\/site\/midia\/#primaryimage","url":"https:\/\/sinprfsc.org.br\/site\/wp-content\/uploads\/elementor\/thumbs\/Icone_Azul-qx7rvwofknuq674kza1x3nvaol0rh18bq875t5ao28.png","contentUrl":"https:\/\/sinprfsc.org.br\/site\/wp-content\/uploads\/elementor\/thumbs\/Icone_Azul-qx7rvwofknuq674kza1x3nvaol0rh18bq875t5ao28.png"},{"@type":"BreadcrumbList","@id":"https:\/\/sinprfsc.org.br\/site\/midia\/#breadcrumb","itemListElement":[{"@type":"ListItem","position":1,"name":"Home","item":"https:\/\/sinprfsc.org.br\/site\/"},{"@type":"ListItem","position":2,"name":"M\u00eddia"}]},{"@type":"WebSite","@id":"https:\/\/sinprfsc.org.br\/site\/#website","url":"https:\/\/sinprfsc.org.br\/site\/","name":"SINPRF\/SC","description":"","publisher":{"@id":"https:\/\/sinprfsc.org.br\/site\/#organization"},"potentialAction":[{"@type":"SearchAction","target":{"@type":"EntryPoint","urlTemplate":"https:\/\/sinprfsc.org.br\/site\/?s={search_term_string}"},"query-input":{"@type":"PropertyValueSpecification","valueRequired":true,"valueName":"search_term_string"}}],"inLanguage":"pt-BR"},{"@type":"Organization","@id":"https:\/\/sinprfsc.org.br\/site\/#organization","name":"SINPRF\/SC","url":"https:\/\/sinprfsc.org.br\/site\/","logo":{"@type":"ImageObject","inLanguage":"pt-BR","@id":"https:\/\/sinprfsc.org.br\/site\/#\/schema\/logo\/image\/","url":"https:\/\/sinprfsc.org.br\/site\/wp-content\/uploads\/2024\/11\/LogoSite_a.png","contentUrl":"https:\/\/sinprfsc.org.br\/site\/wp-content\/uploads\/2024\/11\/LogoSite_a.png","width":500,"height":228,"caption":"SINPRF\/SC"},"image":{"@id":"https:\/\/sinprfsc.org.br\/site\/#\/schema\/logo\/image\/"}}]}},"_links":{"self":[{"href":"https:\/\/sinprfsc.org.br\/site\/wp-json\/wp\/v2\/pages\/826","targetHints":{"allow":["GET"]}}],"collection":[{"href":"https:\/\/sinprfsc.org.br\/site\/wp-json\/wp\/v2\/pages"}],"about":[{"href":"https:\/\/sinprfsc.org.br\/site\/wp-json\/wp\/v2\/types\/page"}],"author":[{"embeddable":true,"href":"https:\/\/sinprfsc.org.br\/site\/wp-json\/wp\/v2\/users\/2"}],"replies":[{"embeddable":true,"href":"https:\/\/sinprfsc.org.br\/site\/wp-json\/wp\/v2\/comments?post=826"}],"version-history":[{"count":5,"href":"https:\/\/sinprfsc.org.br\/site\/wp-json\/wp\/v2\/pages\/826\/revisions"}],"predecessor-version":[{"id":1883,"href":"https:\/\/sinprfsc.org.br\/site\/wp-json\/wp\/v2\/pages\/826\/revisions\/1883"}],"wp:attachment":[{"href":"https:\/\/sinprfsc.org.br\/site\/wp-json\/wp\/v2\/media?parent=826"}],"curies":[{"name":"wp","href":"https:\/\/api.w.org\/{rel}","templated":true}]}}