{"id":97,"date":"2024-11-17T21:46:40","date_gmt":"2024-11-17T21:46:40","guid":{"rendered":"https:\/\/sinprfsc.org.br\/site\/?page_id=97"},"modified":"2024-12-16T22:47:18","modified_gmt":"2024-12-16T22:47:18","slug":"institucional","status":"publish","type":"page","link":"https:\/\/sinprfsc.org.br\/site\/institucional\/","title":{"rendered":"Institucional"},"content":{"rendered":"\t\t<div data-elementor-type=\"wp-page\" data-elementor-id=\"97\" class=\"elementor elementor-97\">\n\t\t\t\t<div class=\"elementor-element elementor-element-5f2acda7 e-flex e-con-boxed wpr-particle-no wpr-jarallax-no wpr-parallax-no wpr-sticky-section-no wpr-equal-height-no e-con e-parent\" data-id=\"5f2acda7\" data-element_type=\"container\" data-e-type=\"container\" data-settings=\"{&quot;background_background&quot;:&quot;classic&quot;}\">\n\t\t\t\t\t<div class=\"e-con-inner\">\n\t\t<div class=\"elementor-element elementor-element-7d37bd0b e-con-full e-flex wpr-particle-no wpr-jarallax-no wpr-parallax-no wpr-sticky-section-no wpr-equal-height-no e-con e-child\" data-id=\"7d37bd0b\" data-element_type=\"container\" data-e-type=\"container\">\n\t\t\t\t<div class=\"elementor-element elementor-element-2437e604 elementor-widget elementor-widget-image\" data-id=\"2437e604\" data-element_type=\"widget\" data-e-type=\"widget\" data-widget_type=\"image.default\">\n\t\t\t\t<div class=\"elementor-widget-container\">\n\t\t\t\t\t\t\t\t\t\t\t\t\t\t\t<img decoding=\"async\" src=\"https:\/\/sinprfsc.org.br\/site\/wp-content\/uploads\/elementor\/thumbs\/Icone_Azul-qx7rvwofknuq674kza1x3nvaol0rh18bq875t5ao28.png\" title=\"Icone_Azul\" alt=\"Icone_Azul\" loading=\"lazy\" \/>\t\t\t\t\t\t\t\t\t\t\t\t\t\t\t<\/div>\n\t\t\t\t<\/div>\n\t\t\t\t<\/div>\n\t\t<div class=\"elementor-element elementor-element-2c795e5a e-con-full e-flex wpr-particle-no wpr-jarallax-no wpr-parallax-no wpr-sticky-section-no wpr-equal-height-no e-con e-child\" data-id=\"2c795e5a\" data-element_type=\"container\" data-e-type=\"container\">\n\t\t\t\t<div class=\"elementor-element elementor-element-ab8be9b elementor-widget elementor-widget-heading\" data-id=\"ab8be9b\" data-element_type=\"widget\" data-e-type=\"widget\" data-widget_type=\"heading.default\">\n\t\t\t\t<div class=\"elementor-widget-container\">\n\t\t\t\t\t<h1 class=\"elementor-heading-title elementor-size-default\">INSTITUCIONAL<\/h1>\t\t\t\t<\/div>\n\t\t\t\t<\/div>\n\t\t\t\t<\/div>\n\t\t\t\t\t<\/div>\n\t\t\t\t<\/div>\n\t\t<div class=\"elementor-element elementor-element-43578d71 e-flex e-con-boxed wpr-particle-no wpr-jarallax-no wpr-parallax-no wpr-sticky-section-no wpr-equal-height-no e-con e-parent\" data-id=\"43578d71\" data-element_type=\"container\" data-e-type=\"container\" data-settings=\"{&quot;background_background&quot;:&quot;classic&quot;}\">\n\t\t\t\t\t<div class=\"e-con-inner\">\n\t\t\t\t<div class=\"elementor-element elementor-element-38c3378d elementor-widget elementor-widget-text-editor\" data-id=\"38c3378d\" data-element_type=\"widget\" data-e-type=\"widget\" data-widget_type=\"text-editor.default\">\n\t\t\t\t<div class=\"elementor-widget-container\">\n\t\t\t\t\t\t\t\t\t<div class=\"box\"><h4>Miss\u00e3o<\/h4><p>Desde 1992, o Sindicato tem se caracterizado como uma institui\u00e7\u00e3o de vanguarda, com uma hist\u00f3ria marcada por grandes lutas e conquistas, constru\u00edda por todos os seus sindicalizados, sempre na busca incessante de condi\u00e7\u00f5es para que os Policiais e Servidores possam desempenhar seu trabalho com seguran\u00e7a e dignidade. Essa \u00e9 nossa miss\u00e3o!<\/p><\/div><div class=\"box\"><h4>Vis\u00e3o<\/h4><p>Ser um sindicato reconhecido nacionalmente como exemplo de luta em prol da categoria, com foco nos direitos, mas tamb\u00e9m sa\u00fade e qualidade de vida dos sindicalizados.<\/p><\/div><div class=\"box\"><h4>Valores<\/h4><p>Transpar\u00eancia, \u00e9tica, integra\u00e7\u00e3o entre os sindicalizados, respeito e compromisso com o servidor.<\/p><\/div>\t\t\t\t\t\t\t\t<\/div>\n\t\t\t\t<\/div>\n\t\t\t\t\t<\/div>\n\t\t\t\t<\/div>\n\t\t\t\t<\/div>\n\t\t","protected":false},"excerpt":{"rendered":"<p>INSTITUCIONAL Miss\u00e3o Desde 1992, o Sindicato tem se caracterizado como uma institui\u00e7\u00e3o de vanguarda, com uma hist\u00f3ria marcada por grandes lutas e conquistas, constru\u00edda por todos os seus sindicalizados, sempre na busca incessante de condi\u00e7\u00f5es para que os Policiais e Servidores possam desempenhar seu trabalho com seguran\u00e7a e dignidade. Essa \u00e9 nossa miss\u00e3o! Vis\u00e3o Ser um sindicato reconhecido nacionalmente como exemplo de luta em prol da categoria, com foco nos direitos, mas tamb\u00e9m sa\u00fade e qualidade de vida dos sindicalizados. Valores Transpar\u00eancia, \u00e9tica, integra\u00e7\u00e3o entre os sindicalizados, respeito e compromisso com o servidor.<\/p>\n","protected":false},"author":2,"featured_media":0,"parent":0,"menu_order":0,"comment_status":"closed","ping_status":"closed","template":"elementor_canvas","meta":{"nf_dc_page":"","footnotes":""},"class_list":["post-97","page","type-page","status-publish","hentry"],"yoast_head":"<!-- This site is optimized with the Yoast SEO plugin v27.4 - https:\/\/yoast.com\/product\/yoast-seo-wordpress\/ -->\n<title>Institucional - SINPRF\/SC<\/title>\n<meta name=\"robots\" content=\"index, follow, max-snippet:-1, max-image-preview:large, max-video-preview:-1\" \/>\n<link rel=\"canonical\" href=\"https:\/\/sinprfsc.org.br\/site\/institucional\/\" \/>\n<meta property=\"og:locale\" content=\"pt_BR\" \/>\n<meta property=\"og:type\" content=\"article\" \/>\n<meta property=\"og:title\" content=\"Institucional - SINPRF\/SC\" \/>\n<meta property=\"og:description\" content=\"INSTITUCIONAL Miss\u00e3o Desde 1992, o Sindicato tem se caracterizado como uma institui\u00e7\u00e3o de vanguarda, com uma hist\u00f3ria marcada por grandes lutas e conquistas, constru\u00edda por todos os seus sindicalizados, sempre na busca incessante de condi\u00e7\u00f5es para que os Policiais e Servidores possam desempenhar seu trabalho com seguran\u00e7a e dignidade. Essa \u00e9 nossa miss\u00e3o! Vis\u00e3o Ser um sindicato reconhecido nacionalmente como exemplo de luta em prol da categoria, com foco nos direitos, mas tamb\u00e9m sa\u00fade e qualidade de vida dos sindicalizados. Valores Transpar\u00eancia, \u00e9tica, integra\u00e7\u00e3o entre os sindicalizados, respeito e compromisso com o servidor.\" \/>\n<meta property=\"og:url\" content=\"https:\/\/sinprfsc.org.br\/site\/institucional\/\" \/>\n<meta property=\"og:site_name\" content=\"SINPRF\/SC\" \/>\n<meta property=\"article:modified_time\" content=\"2024-12-16T22:47:18+00:00\" \/>\n<meta property=\"og:image\" content=\"https:\/\/sinprfsc.org.br\/site\/wp-content\/uploads\/elementor\/thumbs\/Icone_Azul-qx7rvwofknuq674kza1x3nvaol0rh18bq875t5ao28.png\" \/>\n<meta name=\"twitter:card\" content=\"summary_large_image\" \/>\n<meta name=\"twitter:label1\" content=\"Est. tempo de leitura\" \/>\n\t<meta name=\"twitter:data1\" content=\"1 minuto\" \/>\n<script type=\"application\/ld+json\" class=\"yoast-schema-graph\">{\"@context\":\"https:\\\/\\\/schema.org\",\"@graph\":[{\"@type\":\"WebPage\",\"@id\":\"https:\\\/\\\/sinprfsc.org.br\\\/site\\\/institucional\\\/\",\"url\":\"https:\\\/\\\/sinprfsc.org.br\\\/site\\\/institucional\\\/\",\"name\":\"Institucional - SINPRF\\\/SC\",\"isPartOf\":{\"@id\":\"https:\\\/\\\/sinprfsc.org.br\\\/site\\\/#website\"},\"primaryImageOfPage\":{\"@id\":\"https:\\\/\\\/sinprfsc.org.br\\\/site\\\/institucional\\\/#primaryimage\"},\"image\":{\"@id\":\"https:\\\/\\\/sinprfsc.org.br\\\/site\\\/institucional\\\/#primaryimage\"},\"thumbnailUrl\":\"https:\\\/\\\/sinprfsc.org.br\\\/site\\\/wp-content\\\/uploads\\\/elementor\\\/thumbs\\\/Icone_Azul-qx7rvwofknuq674kza1x3nvaol0rh18bq875t5ao28.png\",\"datePublished\":\"2024-11-17T21:46:40+00:00\",\"dateModified\":\"2024-12-16T22:47:18+00:00\",\"breadcrumb\":{\"@id\":\"https:\\\/\\\/sinprfsc.org.br\\\/site\\\/institucional\\\/#breadcrumb\"},\"inLanguage\":\"pt-BR\",\"potentialAction\":[{\"@type\":\"ReadAction\",\"target\":[\"https:\\\/\\\/sinprfsc.org.br\\\/site\\\/institucional\\\/\"]}]},{\"@type\":\"ImageObject\",\"inLanguage\":\"pt-BR\",\"@id\":\"https:\\\/\\\/sinprfsc.org.br\\\/site\\\/institucional\\\/#primaryimage\",\"url\":\"https:\\\/\\\/sinprfsc.org.br\\\/site\\\/wp-content\\\/uploads\\\/elementor\\\/thumbs\\\/Icone_Azul-qx7rvwofknuq674kza1x3nvaol0rh18bq875t5ao28.png\",\"contentUrl\":\"https:\\\/\\\/sinprfsc.org.br\\\/site\\\/wp-content\\\/uploads\\\/elementor\\\/thumbs\\\/Icone_Azul-qx7rvwofknuq674kza1x3nvaol0rh18bq875t5ao28.png\"},{\"@type\":\"BreadcrumbList\",\"@id\":\"https:\\\/\\\/sinprfsc.org.br\\\/site\\\/institucional\\\/#breadcrumb\",\"itemListElement\":[{\"@type\":\"ListItem\",\"position\":1,\"name\":\"Home\",\"item\":\"https:\\\/\\\/sinprfsc.org.br\\\/site\\\/\"},{\"@type\":\"ListItem\",\"position\":2,\"name\":\"Institucional\"}]},{\"@type\":\"WebSite\",\"@id\":\"https:\\\/\\\/sinprfsc.org.br\\\/site\\\/#website\",\"url\":\"https:\\\/\\\/sinprfsc.org.br\\\/site\\\/\",\"name\":\"SINPRF\\\/SC\",\"description\":\"\",\"publisher\":{\"@id\":\"https:\\\/\\\/sinprfsc.org.br\\\/site\\\/#organization\"},\"potentialAction\":[{\"@type\":\"SearchAction\",\"target\":{\"@type\":\"EntryPoint\",\"urlTemplate\":\"https:\\\/\\\/sinprfsc.org.br\\\/site\\\/?s={search_term_string}\"},\"query-input\":{\"@type\":\"PropertyValueSpecification\",\"valueRequired\":true,\"valueName\":\"search_term_string\"}}],\"inLanguage\":\"pt-BR\"},{\"@type\":\"Organization\",\"@id\":\"https:\\\/\\\/sinprfsc.org.br\\\/site\\\/#organization\",\"name\":\"SINPRF\\\/SC\",\"url\":\"https:\\\/\\\/sinprfsc.org.br\\\/site\\\/\",\"logo\":{\"@type\":\"ImageObject\",\"inLanguage\":\"pt-BR\",\"@id\":\"https:\\\/\\\/sinprfsc.org.br\\\/site\\\/#\\\/schema\\\/logo\\\/image\\\/\",\"url\":\"https:\\\/\\\/sinprfsc.org.br\\\/site\\\/wp-content\\\/uploads\\\/2024\\\/11\\\/LogoSite_a.png\",\"contentUrl\":\"https:\\\/\\\/sinprfsc.org.br\\\/site\\\/wp-content\\\/uploads\\\/2024\\\/11\\\/LogoSite_a.png\",\"width\":500,\"height\":228,\"caption\":\"SINPRF\\\/SC\"},\"image\":{\"@id\":\"https:\\\/\\\/sinprfsc.org.br\\\/site\\\/#\\\/schema\\\/logo\\\/image\\\/\"}}]}<\/script>\n<!-- \/ Yoast SEO plugin. -->","yoast_head_json":{"title":"Institucional - SINPRF\/SC","robots":{"index":"index","follow":"follow","max-snippet":"max-snippet:-1","max-image-preview":"max-image-preview:large","max-video-preview":"max-video-preview:-1"},"canonical":"https:\/\/sinprfsc.org.br\/site\/institucional\/","og_locale":"pt_BR","og_type":"article","og_title":"Institucional - SINPRF\/SC","og_description":"INSTITUCIONAL Miss\u00e3o Desde 1992, o Sindicato tem se caracterizado como uma institui\u00e7\u00e3o de vanguarda, com uma hist\u00f3ria marcada por grandes lutas e conquistas, constru\u00edda por todos os seus sindicalizados, sempre na busca incessante de condi\u00e7\u00f5es para que os Policiais e Servidores possam desempenhar seu trabalho com seguran\u00e7a e dignidade. Essa \u00e9 nossa miss\u00e3o! Vis\u00e3o Ser um sindicato reconhecido nacionalmente como exemplo de luta em prol da categoria, com foco nos direitos, mas tamb\u00e9m sa\u00fade e qualidade de vida dos sindicalizados. Valores Transpar\u00eancia, \u00e9tica, integra\u00e7\u00e3o entre os sindicalizados, respeito e compromisso com o servidor.","og_url":"https:\/\/sinprfsc.org.br\/site\/institucional\/","og_site_name":"SINPRF\/SC","article_modified_time":"2024-12-16T22:47:18+00:00","og_image":[{"url":"https:\/\/sinprfsc.org.br\/site\/wp-content\/uploads\/elementor\/thumbs\/Icone_Azul-qx7rvwofknuq674kza1x3nvaol0rh18bq875t5ao28.png","type":"","width":"","height":""}],"twitter_card":"summary_large_image","twitter_misc":{"Est. tempo de leitura":"1 minuto"},"schema":{"@context":"https:\/\/schema.org","@graph":[{"@type":"WebPage","@id":"https:\/\/sinprfsc.org.br\/site\/institucional\/","url":"https:\/\/sinprfsc.org.br\/site\/institucional\/","name":"Institucional - SINPRF\/SC","isPartOf":{"@id":"https:\/\/sinprfsc.org.br\/site\/#website"},"primaryImageOfPage":{"@id":"https:\/\/sinprfsc.org.br\/site\/institucional\/#primaryimage"},"image":{"@id":"https:\/\/sinprfsc.org.br\/site\/institucional\/#primaryimage"},"thumbnailUrl":"https:\/\/sinprfsc.org.br\/site\/wp-content\/uploads\/elementor\/thumbs\/Icone_Azul-qx7rvwofknuq674kza1x3nvaol0rh18bq875t5ao28.png","datePublished":"2024-11-17T21:46:40+00:00","dateModified":"2024-12-16T22:47:18+00:00","breadcrumb":{"@id":"https:\/\/sinprfsc.org.br\/site\/institucional\/#breadcrumb"},"inLanguage":"pt-BR","potentialAction":[{"@type":"ReadAction","target":["https:\/\/sinprfsc.org.br\/site\/institucional\/"]}]},{"@type":"ImageObject","inLanguage":"pt-BR","@id":"https:\/\/sinprfsc.org.br\/site\/institucional\/#primaryimage","url":"https:\/\/sinprfsc.org.br\/site\/wp-content\/uploads\/elementor\/thumbs\/Icone_Azul-qx7rvwofknuq674kza1x3nvaol0rh18bq875t5ao28.png","contentUrl":"https:\/\/sinprfsc.org.br\/site\/wp-content\/uploads\/elementor\/thumbs\/Icone_Azul-qx7rvwofknuq674kza1x3nvaol0rh18bq875t5ao28.png"},{"@type":"BreadcrumbList","@id":"https:\/\/sinprfsc.org.br\/site\/institucional\/#breadcrumb","itemListElement":[{"@type":"ListItem","position":1,"name":"Home","item":"https:\/\/sinprfsc.org.br\/site\/"},{"@type":"ListItem","position":2,"name":"Institucional"}]},{"@type":"WebSite","@id":"https:\/\/sinprfsc.org.br\/site\/#website","url":"https:\/\/sinprfsc.org.br\/site\/","name":"SINPRF\/SC","description":"","publisher":{"@id":"https:\/\/sinprfsc.org.br\/site\/#organization"},"potentialAction":[{"@type":"SearchAction","target":{"@type":"EntryPoint","urlTemplate":"https:\/\/sinprfsc.org.br\/site\/?s={search_term_string}"},"query-input":{"@type":"PropertyValueSpecification","valueRequired":true,"valueName":"search_term_string"}}],"inLanguage":"pt-BR"},{"@type":"Organization","@id":"https:\/\/sinprfsc.org.br\/site\/#organization","name":"SINPRF\/SC","url":"https:\/\/sinprfsc.org.br\/site\/","logo":{"@type":"ImageObject","inLanguage":"pt-BR","@id":"https:\/\/sinprfsc.org.br\/site\/#\/schema\/logo\/image\/","url":"https:\/\/sinprfsc.org.br\/site\/wp-content\/uploads\/2024\/11\/LogoSite_a.png","contentUrl":"https:\/\/sinprfsc.org.br\/site\/wp-content\/uploads\/2024\/11\/LogoSite_a.png","width":500,"height":228,"caption":"SINPRF\/SC"},"image":{"@id":"https:\/\/sinprfsc.org.br\/site\/#\/schema\/logo\/image\/"}}]}},"_links":{"self":[{"href":"https:\/\/sinprfsc.org.br\/site\/wp-json\/wp\/v2\/pages\/97","targetHints":{"allow":["GET"]}}],"collection":[{"href":"https:\/\/sinprfsc.org.br\/site\/wp-json\/wp\/v2\/pages"}],"about":[{"href":"https:\/\/sinprfsc.org.br\/site\/wp-json\/wp\/v2\/types\/page"}],"author":[{"embeddable":true,"href":"https:\/\/sinprfsc.org.br\/site\/wp-json\/wp\/v2\/users\/2"}],"replies":[{"embeddable":true,"href":"https:\/\/sinprfsc.org.br\/site\/wp-json\/wp\/v2\/comments?post=97"}],"version-history":[{"count":5,"href":"https:\/\/sinprfsc.org.br\/site\/wp-json\/wp\/v2\/pages\/97\/revisions"}],"predecessor-version":[{"id":1880,"href":"https:\/\/sinprfsc.org.br\/site\/wp-json\/wp\/v2\/pages\/97\/revisions\/1880"}],"wp:attachment":[{"href":"https:\/\/sinprfsc.org.br\/site\/wp-json\/wp\/v2\/media?parent=97"}],"curies":[{"name":"wp","href":"https:\/\/api.w.org\/{rel}","templated":true}]}}